{"id":1033,"date":"2025-12-01T09:22:41","date_gmt":"2025-12-01T09:22:41","guid":{"rendered":"https:\/\/miniluzern.ch\/?page_id=1033"},"modified":"2025-12-01T14:00:41","modified_gmt":"2025-12-01T14:00:41","slug":"problem-melden","status":"publish","type":"page","link":"https:\/\/miniluzern.ch\/de\/problem-melden\/","title":{"rendered":"Problem melden"},"content":{"rendered":"\n<div class=\"wp-block-stackable-text stk-block-text stk-block stk-77d462d\" data-block-id=\"77d462d\"><style>.stk-77d462d {margin-bottom:16px !important;}.stk-77d462d .stk-block-text__text{color:var(--theme-palette-color-4, #000000) !important;font-weight:600 !important;text-transform:uppercase !important;}<\/style><p class=\"stk-block-text__text has-text-color has-palette-color-4-color has-text-align-center\">Problem Melden<\/p><\/div>\n\n\n\n<div class=\"wp-block-stackable-heading stk-block-heading stk-block-heading--v2 stk-block stk-02dc96b\" id=\"oh-nein-ein-mini-hat-hilfe-notig\" data-block-id=\"02dc96b\"><style>.stk-02dc96b {margin-bottom:8px !important;}@media screen and (max-width:999px){.stk-02dc96b .stk-block-heading__text{font-size:30px !important;}}@media screen and (max-width:689px){.stk-02dc96b .stk-block-heading__text{font-size:25px !important;}}<\/style><h2 class=\"stk-block-heading__text has-text-align-center\">Oh nein \u2013 ein Mini hat Hilfe n\u00f6tig!<\/h2><\/div>\n\n\n\n<div class=\"wp-block-stackable-text stk-block-text stk-block stk-d6d22e0\" data-block-id=\"d6d22e0\"><style>.stk-d6d22e0 {max-width:700px !important;min-width:auto !important;margin-right:auto !important;margin-bottom:60px !important;margin-left:auto !important;}@media screen and (max-width:689px){.stk-d6d22e0 {margin-bottom:24px !important;}}<\/style><p class=\"stk-block-text__text has-text-align-center\">Ist dir beim Besuch einer unserer Miniatur-Szenen etwas aufgefallen?<br>Ob ein QR-Code besch\u00e4digt ist, eine Figur fehlt oder die Installation nicht richtig funktioniert \u2013 wir freuen uns \u00fcber jede R\u00fcckmeldung. Deine Meldung hilft uns, die Szenen schnell zu reparieren und das Erlebnis f\u00fcr alle Besucher zu erhalten.<br><strong>Bitte f\u00fclle dazu einfach das Formular unten aus.<\/strong> Vielen Dank f\u00fcr deine Unterst\u00fctzung!<\/p><\/div>\n\n\n\n<div class=\"wp-block-stackable-columns stk-block-columns stk-block stk-971085f\" data-block-id=\"971085f\"><style>.stk-971085f {padding-top:0px !important;padding-right:0px !important;padding-bottom:0px !important;padding-left:0px !important;margin-bottom:100px !important;}.stk-971085f-column{--stk-column-gap:35px !important;row-gap:35px !important;}<\/style><div class=\"stk-row stk-inner-blocks stk-block-content stk-content-align stk-971085f-column\">\n<div class=\"wp-block-stackable-column stk-block-column stk-column stk-block stk-f3a4e91\" data-v=\"4\" data-block-id=\"f3a4e91\"><style>.stk-f3a4e91-container{margin-top:0px !important;margin-right:0px !important;margin-bottom:0px !important;margin-left:0px !important;}.stk-f3a4e91 {padding-left:30px !important;}@media screen and (min-width:690px){.stk-f3a4e91 {flex:var(--stk-flex-grow, 1) 1 calc(66.666% - var(--stk-column-gap, 0px) * 1 \/ 2 ) !important;}}@media screen and (max-width:689px){.stk-f3a4e91 {padding-left:0px !important;}}<\/style><div class=\"stk-column-wrapper stk-block-column__content stk-container stk-f3a4e91-container stk--no-background stk--no-padding\"><div class=\"stk-block-content stk-inner-blocks stk-f3a4e91-inner-blocks\"><style id=\"wpforms-css-vars-1034-block-6956573f-c6da-4674-88e6-5048fee6340a\">\n\t\t\t\t#wpforms-1034.wpforms-block-6956573f-c6da-4674-88e6-5048fee6340a {\n\t\t\t\t--wpforms-field-size-input-height: 43px;\n--wpforms-field-size-input-spacing: 15px;\n--wpforms-field-size-font-size: 16px;\n--wpforms-field-size-line-height: 19px;\n--wpforms-field-size-padding-h: 14px;\n--wpforms-field-size-checkbox-size: 16px;\n--wpforms-field-size-sublabel-spacing: 5px;\n--wpforms-field-size-icon-size: 1;\n--wpforms-label-size-font-size: 16px;\n--wpforms-label-size-line-height: 19px;\n--wpforms-label-size-sublabel-font-size: 14px;\n--wpforms-label-size-sublabel-line-height: 17px;\n--wpforms-button-size-font-size: 17px;\n--wpforms-button-size-height: 41px;\n--wpforms-button-size-padding-h: 15px;\n--wpforms-button-size-margin-top: 10px;\n\t\t\t}\n\t\t\t<\/style><div class=\"wpforms-container wpforms-container-full wpforms-block wpforms-block-6956573f-c6da-4674-88e6-5048fee6340a wpforms-render-modern\" id=\"wpforms-1034\"><form id=\"wpforms-form-1034\" class=\"wpforms-validate wpforms-form wpforms-ajax-form\" data-formid=\"1034\" method=\"post\" enctype=\"multipart\/form-data\" action=\"\/de\/wp-json\/wp\/v2\/pages\/1033\" data-token=\"e888a347f72f72e7b425365cd5fadbf6\" data-token-time=\"1777477875\"><noscript class=\"wpforms-error-noscript\">Bitte aktiviere JavaScript in deinem Browser, um dieses Formular fertigzustellen.<\/noscript><div id=\"wpforms-error-noscript\" style=\"display: none;\">Bitte aktiviere JavaScript in deinem Browser, um dieses Formular fertigzustellen.<\/div><div class=\"wpforms-field-container\"><div id=\"wpforms-1034-field_5-container\" class=\"wpforms-field wpforms-field-text\" data-field-id=\"5\"><label class=\"wpforms-field-label\" for=\"wpforms-1034-field_5\">Standort <span class=\"wpforms-required-label\" aria-hidden=\"true\">*<\/span><\/label><input type=\"text\" id=\"wpforms-1034-field_5\" class=\"wpforms-field-medium wpforms-field-required\" name=\"wpforms[fields][5]\" aria-errormessage=\"wpforms-1034-field_5-error\" aria-describedby=\"wpforms-1034-field_5-description\" required><div id=\"wpforms-1034-field_5-description\" class=\"wpforms-field-description\">Gib hier die Adresse oder den Namen des Gesch\u00e4fts an.<\/div><\/div><div id=\"wpforms-1034-field_6-container\" class=\"wpforms-field wpforms-field-checkbox\" data-field-id=\"6\"><fieldset><legend class=\"wpforms-field-label\">Art des Problems <span class=\"wpforms-required-label\" aria-hidden=\"true\">*<\/span><\/legend><ul id=\"wpforms-1034-field_6\" class=\"wpforms-field-required\"><li class=\"choice-1 depth-1\"><input type=\"checkbox\" id=\"wpforms-1034-field_6_1\" name=\"wpforms[fields][6][]\" value=\"QR-Code besch\u00e4digt\" aria-errormessage=\"wpforms-1034-field_6_1-error\" aria-describedby=\"wpforms-1034-field_6-description\" required ><label class=\"wpforms-field-label-inline\" for=\"wpforms-1034-field_6_1\">QR-Code besch\u00e4digt<\/label><\/li><li class=\"choice-2 depth-1\"><input type=\"checkbox\" id=\"wpforms-1034-field_6_2\" name=\"wpforms[fields][6][]\" value=\"Figur fehlt \/ Szene defekt\" aria-errormessage=\"wpforms-1034-field_6_2-error\" aria-describedby=\"wpforms-1034-field_6-description\" required ><label class=\"wpforms-field-label-inline\" for=\"wpforms-1034-field_6_2\">Figur fehlt \/ Szene defekt<\/label><\/li><li class=\"choice-3 depth-1\"><input type=\"checkbox\" id=\"wpforms-1034-field_6_3\" name=\"wpforms[fields][6][]\" value=\"Etwas anderes*\" aria-errormessage=\"wpforms-1034-field_6_3-error\" aria-describedby=\"wpforms-1034-field_6-description\" required ><label class=\"wpforms-field-label-inline\" for=\"wpforms-1034-field_6_3\">Etwas anderes*<\/label><\/li><\/ul><div id=\"wpforms-1034-field_6-description\" class=\"wpforms-field-description\">* Beschreibe im Kommentarfeld bitte genauer, was das Problem ist.<\/div><\/fieldset><\/div><div id=\"wpforms-1034-field_3-container\" class=\"wpforms-field wpforms-field-textarea\" data-field-id=\"3\"><label class=\"wpforms-field-label\" for=\"wpforms-1034-field_3\">Kommentar oder Nachricht <span class=\"wpforms-required-label\" aria-hidden=\"true\">*<\/span><\/label><textarea id=\"wpforms-1034-field_3\" class=\"wpforms-field-medium wpforms-field-required\" name=\"wpforms[fields][3]\" aria-errormessage=\"wpforms-1034-field_3-error\" required><\/textarea><\/div><div id=\"wpforms-1034-field_8-container\" class=\"wpforms-field wpforms-field-file\" data-field-id=\"8\"><label class=\"wpforms-field-label\" for=\"wpforms-1034-field_8\">Fotos hochladen<\/label><input type=\"file\" id=\"wpforms-1034-field_8\" class=\"wpforms-field-medium\" name=\"wpforms[fields][8]\" aria-errormessage=\"wpforms-1034-field_8-error\" aria-describedby=\"wpforms-1034-field_8-description\" ><div id=\"wpforms-1034-field_8-description\" class=\"wpforms-field-description\">Lade hier Fotos von der besch\u00e4digten Szene hoch.<\/div><\/div><div id=\"wpforms-1034-field_1-container\" class=\"wpforms-field wpforms-field-name\" data-field-id=\"1\"><fieldset><legend class=\"wpforms-field-label\">Name<\/legend><div class=\"wpforms-field-row wpforms-field-medium\"><div class=\"wpforms-field-row-block wpforms-first wpforms-one-half\"><input type=\"text\" id=\"wpforms-1034-field_1\" class=\"wpforms-field-name-first\" name=\"wpforms[fields][1][first]\" aria-errormessage=\"wpforms-1034-field_1-error\" aria-describedby=\"wpforms-1034-field_1-description\" ><label for=\"wpforms-1034-field_1\" class=\"wpforms-field-sublabel after\">Vorname<\/label><\/div><div class=\"wpforms-field-row-block wpforms-one-half\"><input type=\"text\" id=\"wpforms-1034-field_1-last\" class=\"wpforms-field-name-last\" name=\"wpforms[fields][1][last]\" aria-errormessage=\"wpforms-1034-field_1-last-error\" aria-describedby=\"wpforms-1034-field_1-description\" ><label for=\"wpforms-1034-field_1-last\" class=\"wpforms-field-sublabel after\">Nachname<\/label><\/div><\/div><div id=\"wpforms-1034-field_1-description\" class=\"wpforms-field-description\">Optional: Gib deinen Namen an, damit wir dich bei Bedarf korrekt ansprechen k\u00f6nnen.<\/div><\/fieldset><\/div>\t\t<div id=\"wpforms-1034-field_4-container\"\n\t\t\tclass=\"wpforms-field wpforms-field-text\"\n\t\t\tdata-field-type=\"text\"\n\t\t\tdata-field-id=\"4\"\n\t\t\t>\n\t\t\t<label class=\"wpforms-field-label\" for=\"wpforms-1034-field_4\" >hochladen Nachricht Fotos<\/label>\n\t\t\t<input type=\"text\" id=\"wpforms-1034-field_4\" class=\"wpforms-field-medium\" name=\"wpforms[fields][4]\" >\n\t\t<\/div>\n\t\t<div id=\"wpforms-1034-field_2-container\" class=\"wpforms-field wpforms-field-email\" data-field-id=\"2\"><label class=\"wpforms-field-label\" for=\"wpforms-1034-field_2\">E-Mail-Adresse<\/label><input type=\"email\" id=\"wpforms-1034-field_2\" class=\"wpforms-field-medium\" name=\"wpforms[fields][2]\" spellcheck=\"false\" aria-errormessage=\"wpforms-1034-field_2-error\" aria-describedby=\"wpforms-1034-field_2-description\" ><div id=\"wpforms-1034-field_2-description\" class=\"wpforms-field-description\">Optional: Deine E-Mail nutzen wir ausschliesslich f\u00fcr R\u00fcckfragen.<\/div><\/div><script>\n\t\t\t\t( function() {\n\t\t\t\t\tconst style = document.createElement( 'style' );\n\t\t\t\t\tstyle.appendChild( document.createTextNode( '#wpforms-1034-field_4-container { position: absolute !important; overflow: hidden !important; display: inline !important; height: 1px !important; width: 1px !important; z-index: -1000 !important; padding: 0 !important; } #wpforms-1034-field_4-container input { visibility: hidden; } #wpforms-conversational-form-page #wpforms-1034-field_4-container label { counter-increment: none; }' ) );\n\t\t\t\t\tdocument.head.appendChild( style );\n\t\t\t\t\tdocument.currentScript?.remove();\n\t\t\t\t} )();\n\t\t\t<\/script><\/div><!-- .wpforms-field-container --><div class=\"wpforms-recaptcha-container wpforms-is-recaptcha wpforms-is-recaptcha-type-invisible\" ><div class=\"g-recaptcha\" data-sitekey=\"6LdwmB0sAAAAAHiN1D6kWAWyaWB5buBf9arn5_mL\" data-size=\"invisible\"><\/div><\/div><div class=\"wpforms-submit-container\" ><input type=\"hidden\" name=\"wpforms[id]\" value=\"1034\"><input type=\"hidden\" name=\"page_title\" value=\"\"><input type=\"hidden\" name=\"page_url\" value=\"https:\/\/miniluzern.ch\/de\/wp-json\/wp\/v2\/pages\/1033\"><input type=\"hidden\" name=\"url_referer\" value=\"\"><button type=\"submit\" name=\"wpforms[submit]\" id=\"wpforms-submit-1034\" class=\"wpforms-submit\" data-alt-text=\"Wird gesendet\u00a0\u2026\" data-submit-text=\"Absenden\" aria-live=\"assertive\" value=\"wpforms-submit\">Absenden<\/button><img loading=\"lazy\" decoding=\"async\" src=\"https:\/\/miniluzern.ch\/wp-content\/plugins\/wpforms-lite\/assets\/images\/submit-spin.svg\" class=\"wpforms-submit-spinner\" style=\"display: none;\" width=\"26\" height=\"26\" alt=\"Wird geladen\"><\/div><\/form><\/div>  <!-- .wpforms-container --><\/div><\/div><\/div>\n\n\n\n<div class=\"wp-block-stackable-column stk-block-column stk-column stk-block stk-395ca3e\" data-v=\"4\" data-block-id=\"395ca3e\"><style>.stk-395ca3e-container{margin-top:0px !important;margin-right:0px !important;margin-bottom:0px !important;margin-left:0px !important;}@media screen and (min-width:690px){.stk-395ca3e {flex:var(--stk-flex-grow, 1) 1 calc(33.333% - var(--stk-column-gap, 0px) * 1 \/ 2 ) !important;}}<\/style><div class=\"stk-column-wrapper stk-block-column__content stk-container stk-395ca3e-container stk--no-background stk--no-padding\"><div class=\"stk-block-content stk-inner-blocks stk-395ca3e-inner-blocks\">\n<div class=\"wp-block-stackable-spacer stk-block-spacer stk--hide-mobile stk--no-padding stk-block stk-9130fab\" data-block-id=\"9130fab\"><style>.stk-9130fab {height:250px !important;}<\/style><\/div>\n\n\n\n<div class=\"wp-block-stackable-image stk-block-image stk-block stk-c8fadfa\" data-block-id=\"c8fadfa\"><style>.stk-c8fadfa {align-items:center !important;display:flex !important;}<\/style><figure><span class=\"stk-img-wrapper stk-image--shape-stretch\"><img loading=\"lazy\" decoding=\"async\" class=\"stk-img wp-image-1107\" src=\"https:\/\/miniluzern.ch\/wp-content\/uploads\/2025\/12\/Bauarbeiter.webp\" width=\"1000\" height=\"1294\" srcset=\"https:\/\/miniluzern.ch\/wp-content\/uploads\/2025\/12\/Bauarbeiter.webp 1000w, https:\/\/miniluzern.ch\/wp-content\/uploads\/2025\/12\/Bauarbeiter-232x300.webp 232w, https:\/\/miniluzern.ch\/wp-content\/uploads\/2025\/12\/Bauarbeiter-791x1024.webp 791w, https:\/\/miniluzern.ch\/wp-content\/uploads\/2025\/12\/Bauarbeiter-768x994.webp 768w\" sizes=\"auto, (max-width: 1000px) 100vw, 1000px\" \/><\/span><\/figure><\/div>\n<\/div><\/div><\/div>\n<\/div><\/div>\n","protected":false},"excerpt":{"rendered":"<p>Problem Melden Oh nein \u2013 ein Mini hat Hilfe n\u00f6tig! Ist dir beim Besuch einer unserer Miniatur-Szenen etwas aufgefallen?Ob ein QR-Code besch\u00e4digt ist, eine Figur fehlt oder die Installation nicht richtig funktioniert \u2013 wir freuen uns \u00fcber jede R\u00fcckmeldung. Deine Meldung hilft uns, die Szenen schnell zu reparieren und das Erlebnis f\u00fcr alle Besucher zu [&hellip;]<\/p>\n","protected":false},"author":1,"featured_media":0,"parent":0,"menu_order":0,"comment_status":"closed","ping_status":"closed","template":"","meta":{"_eb_attr":"","iawp_total_views":2,"footnotes":""},"class_list":["post-1033","page","type-page","status-publish","hentry"],"blocksy_meta":{"disable_header":"no","disable_share_box":"no","has_hero_section":"disabled","styles_descriptor":{"styles":{"desktop":"","tablet":"","mobile":""},"google_fonts":[],"version":6}},"yoast_head":"<!-- This site is optimized with the Yoast SEO plugin v27.5 - https:\/\/yoast.com\/product\/yoast-seo-wordpress\/ -->\n<title>Problem melden - Mini Luzern<\/title>\n<meta name=\"robots\" content=\"index, follow, max-snippet:-1, max-image-preview:large, max-video-preview:-1\" \/>\n<link rel=\"canonical\" href=\"https:\/\/miniluzern.ch\/de\/problem-melden\/\" \/>\n<meta property=\"og:locale\" content=\"de_DE\" \/>\n<meta property=\"og:type\" content=\"article\" \/>\n<meta property=\"og:title\" content=\"Problem melden - Mini Luzern\" \/>\n<meta property=\"og:description\" content=\"Problem Melden Oh nein \u2013 ein Mini hat Hilfe n\u00f6tig! Ist dir beim Besuch einer unserer Miniatur-Szenen etwas aufgefallen?Ob ein QR-Code besch\u00e4digt ist, eine Figur fehlt oder die Installation nicht richtig funktioniert \u2013 wir freuen uns \u00fcber jede R\u00fcckmeldung. Deine Meldung hilft uns, die Szenen schnell zu reparieren und das Erlebnis f\u00fcr alle Besucher zu [&hellip;]\" \/>\n<meta property=\"og:url\" content=\"https:\/\/miniluzern.ch\/de\/problem-melden\/\" \/>\n<meta property=\"og:site_name\" content=\"Mini Luzern\" \/>\n<meta property=\"article:modified_time\" content=\"2025-12-01T14:00:41+00:00\" \/>\n<meta property=\"og:image\" content=\"https:\/\/miniluzern.ch\/wp-content\/uploads\/2025\/12\/Bauarbeiter.webp\" \/>\n<meta name=\"twitter:card\" content=\"summary_large_image\" \/>\n<meta name=\"twitter:label1\" content=\"Gesch\u00e4tzte Lesezeit\" \/>\n\t<meta name=\"twitter:data1\" content=\"1\u00a0Minute\" \/>\n<script type=\"application\/ld+json\" class=\"yoast-schema-graph\">{\"@context\":\"https:\\\/\\\/schema.org\",\"@graph\":[{\"@type\":\"WebPage\",\"@id\":\"https:\\\/\\\/miniluzern.ch\\\/problem-melden\\\/\",\"url\":\"https:\\\/\\\/miniluzern.ch\\\/problem-melden\\\/\",\"name\":\"Problem melden - Mini Luzern\",\"isPartOf\":{\"@id\":\"https:\\\/\\\/miniluzern.ch\\\/#website\"},\"primaryImageOfPage\":{\"@id\":\"https:\\\/\\\/miniluzern.ch\\\/problem-melden\\\/#primaryimage\"},\"image\":{\"@id\":\"https:\\\/\\\/miniluzern.ch\\\/problem-melden\\\/#primaryimage\"},\"thumbnailUrl\":\"https:\\\/\\\/miniluzern.ch\\\/wp-content\\\/uploads\\\/2025\\\/12\\\/Bauarbeiter.webp\",\"datePublished\":\"2025-12-01T09:22:41+00:00\",\"dateModified\":\"2025-12-01T14:00:41+00:00\",\"breadcrumb\":{\"@id\":\"https:\\\/\\\/miniluzern.ch\\\/problem-melden\\\/#breadcrumb\"},\"inLanguage\":\"de\",\"potentialAction\":[{\"@type\":\"ReadAction\",\"target\":[\"https:\\\/\\\/miniluzern.ch\\\/problem-melden\\\/\"]}]},{\"@type\":\"ImageObject\",\"inLanguage\":\"de\",\"@id\":\"https:\\\/\\\/miniluzern.ch\\\/problem-melden\\\/#primaryimage\",\"url\":\"https:\\\/\\\/miniluzern.ch\\\/wp-content\\\/uploads\\\/2025\\\/12\\\/Bauarbeiter.webp\",\"contentUrl\":\"https:\\\/\\\/miniluzern.ch\\\/wp-content\\\/uploads\\\/2025\\\/12\\\/Bauarbeiter.webp\"},{\"@type\":\"BreadcrumbList\",\"@id\":\"https:\\\/\\\/miniluzern.ch\\\/problem-melden\\\/#breadcrumb\",\"itemListElement\":[{\"@type\":\"ListItem\",\"position\":1,\"name\":\"Startseite\",\"item\":\"https:\\\/\\\/miniluzern.ch\\\/\"},{\"@type\":\"ListItem\",\"position\":2,\"name\":\"Problem melden\"}]},{\"@type\":\"WebSite\",\"@id\":\"https:\\\/\\\/miniluzern.ch\\\/#website\",\"url\":\"https:\\\/\\\/miniluzern.ch\\\/\",\"name\":\"Mini Luzern\",\"description\":\"\",\"publisher\":{\"@id\":\"https:\\\/\\\/miniluzern.ch\\\/#organization\"},\"potentialAction\":[{\"@type\":\"SearchAction\",\"target\":{\"@type\":\"EntryPoint\",\"urlTemplate\":\"https:\\\/\\\/miniluzern.ch\\\/?s={search_term_string}\"},\"query-input\":{\"@type\":\"PropertyValueSpecification\",\"valueRequired\":true,\"valueName\":\"search_term_string\"}}],\"inLanguage\":\"de\"},{\"@type\":\"Organization\",\"@id\":\"https:\\\/\\\/miniluzern.ch\\\/#organization\",\"name\":\"Mini Luzern\",\"url\":\"https:\\\/\\\/miniluzern.ch\\\/\",\"logo\":{\"@type\":\"ImageObject\",\"inLanguage\":\"de\",\"@id\":\"https:\\\/\\\/miniluzern.ch\\\/#\\\/schema\\\/logo\\\/image\\\/\",\"url\":\"https:\\\/\\\/miniluzern.ch\\\/wp-content\\\/uploads\\\/2025\\\/11\\\/MiniLuzern-Icon_freigestellt.webp\",\"contentUrl\":\"https:\\\/\\\/miniluzern.ch\\\/wp-content\\\/uploads\\\/2025\\\/11\\\/MiniLuzern-Icon_freigestellt.webp\",\"width\":1000,\"height\":999,\"caption\":\"Mini Luzern\"},\"image\":{\"@id\":\"https:\\\/\\\/miniluzern.ch\\\/#\\\/schema\\\/logo\\\/image\\\/\"}}]}<\/script>\n<!-- \/ Yoast SEO plugin. -->","yoast_head_json":{"title":"Problem melden - Mini Luzern","robots":{"index":"index","follow":"follow","max-snippet":"max-snippet:-1","max-image-preview":"max-image-preview:large","max-video-preview":"max-video-preview:-1"},"canonical":"https:\/\/miniluzern.ch\/de\/problem-melden\/","og_locale":"de_DE","og_type":"article","og_title":"Problem melden - Mini Luzern","og_description":"Problem Melden Oh nein \u2013 ein Mini hat Hilfe n\u00f6tig! Ist dir beim Besuch einer unserer Miniatur-Szenen etwas aufgefallen?Ob ein QR-Code besch\u00e4digt ist, eine Figur fehlt oder die Installation nicht richtig funktioniert \u2013 wir freuen uns \u00fcber jede R\u00fcckmeldung. Deine Meldung hilft uns, die Szenen schnell zu reparieren und das Erlebnis f\u00fcr alle Besucher zu [&hellip;]","og_url":"https:\/\/miniluzern.ch\/de\/problem-melden\/","og_site_name":"Mini Luzern","article_modified_time":"2025-12-01T14:00:41+00:00","og_image":[{"url":"https:\/\/miniluzern.ch\/wp-content\/uploads\/2025\/12\/Bauarbeiter.webp","type":"","width":"","height":""}],"twitter_card":"summary_large_image","twitter_misc":{"Gesch\u00e4tzte Lesezeit":"1\u00a0Minute"},"schema":{"@context":"https:\/\/schema.org","@graph":[{"@type":"WebPage","@id":"https:\/\/miniluzern.ch\/problem-melden\/","url":"https:\/\/miniluzern.ch\/problem-melden\/","name":"Problem melden - Mini Luzern","isPartOf":{"@id":"https:\/\/miniluzern.ch\/#website"},"primaryImageOfPage":{"@id":"https:\/\/miniluzern.ch\/problem-melden\/#primaryimage"},"image":{"@id":"https:\/\/miniluzern.ch\/problem-melden\/#primaryimage"},"thumbnailUrl":"https:\/\/miniluzern.ch\/wp-content\/uploads\/2025\/12\/Bauarbeiter.webp","datePublished":"2025-12-01T09:22:41+00:00","dateModified":"2025-12-01T14:00:41+00:00","breadcrumb":{"@id":"https:\/\/miniluzern.ch\/problem-melden\/#breadcrumb"},"inLanguage":"de","potentialAction":[{"@type":"ReadAction","target":["https:\/\/miniluzern.ch\/problem-melden\/"]}]},{"@type":"ImageObject","inLanguage":"de","@id":"https:\/\/miniluzern.ch\/problem-melden\/#primaryimage","url":"https:\/\/miniluzern.ch\/wp-content\/uploads\/2025\/12\/Bauarbeiter.webp","contentUrl":"https:\/\/miniluzern.ch\/wp-content\/uploads\/2025\/12\/Bauarbeiter.webp"},{"@type":"BreadcrumbList","@id":"https:\/\/miniluzern.ch\/problem-melden\/#breadcrumb","itemListElement":[{"@type":"ListItem","position":1,"name":"Startseite","item":"https:\/\/miniluzern.ch\/"},{"@type":"ListItem","position":2,"name":"Problem melden"}]},{"@type":"WebSite","@id":"https:\/\/miniluzern.ch\/#website","url":"https:\/\/miniluzern.ch\/","name":"Mini Luzern","description":"","publisher":{"@id":"https:\/\/miniluzern.ch\/#organization"},"potentialAction":[{"@type":"SearchAction","target":{"@type":"EntryPoint","urlTemplate":"https:\/\/miniluzern.ch\/?s={search_term_string}"},"query-input":{"@type":"PropertyValueSpecification","valueRequired":true,"valueName":"search_term_string"}}],"inLanguage":"de"},{"@type":"Organization","@id":"https:\/\/miniluzern.ch\/#organization","name":"Mini Luzern","url":"https:\/\/miniluzern.ch\/","logo":{"@type":"ImageObject","inLanguage":"de","@id":"https:\/\/miniluzern.ch\/#\/schema\/logo\/image\/","url":"https:\/\/miniluzern.ch\/wp-content\/uploads\/2025\/11\/MiniLuzern-Icon_freigestellt.webp","contentUrl":"https:\/\/miniluzern.ch\/wp-content\/uploads\/2025\/11\/MiniLuzern-Icon_freigestellt.webp","width":1000,"height":999,"caption":"Mini Luzern"},"image":{"@id":"https:\/\/miniluzern.ch\/#\/schema\/logo\/image\/"}}]}},"_links":{"self":[{"href":"https:\/\/miniluzern.ch\/de\/wp-json\/wp\/v2\/pages\/1033","targetHints":{"allow":["GET"]}}],"collection":[{"href":"https:\/\/miniluzern.ch\/de\/wp-json\/wp\/v2\/pages"}],"about":[{"href":"https:\/\/miniluzern.ch\/de\/wp-json\/wp\/v2\/types\/page"}],"author":[{"embeddable":true,"href":"https:\/\/miniluzern.ch\/de\/wp-json\/wp\/v2\/users\/1"}],"replies":[{"embeddable":true,"href":"https:\/\/miniluzern.ch\/de\/wp-json\/wp\/v2\/comments?post=1033"}],"version-history":[{"count":11,"href":"https:\/\/miniluzern.ch\/de\/wp-json\/wp\/v2\/pages\/1033\/revisions"}],"predecessor-version":[{"id":1483,"href":"https:\/\/miniluzern.ch\/de\/wp-json\/wp\/v2\/pages\/1033\/revisions\/1483"}],"wp:attachment":[{"href":"https:\/\/miniluzern.ch\/de\/wp-json\/wp\/v2\/media?parent=1033"}],"curies":[{"name":"wp","href":"https:\/\/api.w.org\/{rel}","templated":true}]}}